{"id":15,"date":"2016-12-09T14:19:44","date_gmt":"2016-12-09T14:19:44","guid":{"rendered":"http:\/\/www.agempreendimentos.com.br\/anna\/?page_id=15"},"modified":"2025-09-12T20:24:47","modified_gmt":"2025-09-12T20:24:47","slug":"fale-com-anna","status":"publish","type":"page","link":"https:\/\/annaleao.com.br\/site\/fale-com-anna\/","title":{"rendered":"Fale com Anna"},"content":{"rendered":"<h5><img fetchpriority=\"high\" decoding=\"async\" class=\"wp-image-178 alignright\" src=\"http:\/\/www.annaleao.com.br\/anna\/wp-content\/uploads\/2017\/02\/triskel-300x300.jpg\" width=\"240\" height=\"240\" srcset=\"https:\/\/annaleao.com.br\/site\/wp-content\/uploads\/2017\/02\/triskel-300x300.jpg 300w, https:\/\/annaleao.com.br\/site\/wp-content\/uploads\/2017\/02\/triskel-150x150.jpg 150w, https:\/\/annaleao.com.br\/site\/wp-content\/uploads\/2017\/02\/triskel.jpg 400w\" sizes=\"(max-width: 240px) 100vw, 240px\" \/><b><\/b><span class=\"wixui-rich-text__text\">Para falar com a autora<\/span>\u00a0utilize o formul\u00e1rio abaixo:<\/h5>\n\n<div class=\"wpcf7 no-js\" id=\"wpcf7-f8-o1\" lang=\"pt-BR\" dir=\"ltr\" data-wpcf7-id=\"8\">\n<div class=\"screen-reader-response\"><p role=\"status\" aria-live=\"polite\" aria-atomic=\"true\"><\/p> <ul><\/ul><\/div>\n<form action=\"\/site\/wp-json\/wp\/v2\/pages\/15#wpcf7-f8-o1\" method=\"post\" class=\"wpcf7-form init\" aria-label=\"Formul\u00e1rios de contato\" novalidate=\"novalidate\" data-status=\"init\">\n<div style=\"display: none;\">\n<input type=\"hidden\" name=\"_wpcf7\" value=\"8\" \/>\n<input type=\"hidden\" name=\"_wpcf7_version\" value=\"6.0.6\" \/>\n<input type=\"hidden\" name=\"_wpcf7_locale\" value=\"pt_BR\" \/>\n<input type=\"hidden\" name=\"_wpcf7_unit_tag\" value=\"wpcf7-f8-o1\" \/>\n<input type=\"hidden\" name=\"_wpcf7_container_post\" value=\"0\" \/>\n<input type=\"hidden\" name=\"_wpcf7_posted_data_hash\" value=\"\" \/>\n<input type=\"hidden\" name=\"_wpcf7_recaptcha_response\" value=\"\" \/>\n<\/div>\n<p>Seu nome (obrigat\u00f3rio)\n<\/p>\n<p><span class=\"wpcf7-form-control-wrap\" data-name=\"your-name\"><input size=\"40\" maxlength=\"400\" class=\"wpcf7-form-control wpcf7-text wpcf7-validates-as-required\" aria-required=\"true\" aria-invalid=\"false\" value=\"\" type=\"text\" name=\"your-name\" \/><\/span>\n<\/p>\n<p>Seu e-mail (obrigat\u00f3rio)\n<\/p>\n<p><span class=\"wpcf7-form-control-wrap\" data-name=\"your-email\"><input size=\"40\" maxlength=\"400\" class=\"wpcf7-form-control wpcf7-email wpcf7-validates-as-required wpcf7-text wpcf7-validates-as-email\" aria-required=\"true\" aria-invalid=\"false\" value=\"\" type=\"email\" name=\"your-email\" \/><\/span>\n<\/p>\n<p>Assunto\n<\/p>\n<p><span class=\"wpcf7-form-control-wrap\" data-name=\"your-subject\"><input size=\"40\" maxlength=\"400\" class=\"wpcf7-form-control wpcf7-text\" aria-invalid=\"false\" value=\"\" type=\"text\" name=\"your-subject\" \/><\/span>\n<\/p>\n<p>Sua mensagem\n<\/p>\n<p><span class=\"wpcf7-form-control-wrap\" data-name=\"your-message\"><textarea cols=\"40\" rows=\"10\" maxlength=\"2000\" class=\"wpcf7-form-control wpcf7-textarea\" aria-invalid=\"false\" name=\"your-message\"><\/textarea><\/span>\n<\/p>\n<p><input class=\"wpcf7-form-control wpcf7-submit has-spinner\" type=\"submit\" value=\"Enviar\" \/>\n<\/p><p style=\"display: none !important;\" class=\"akismet-fields-container\" data-prefix=\"_wpcf7_ak_\"><label>&#916;<textarea name=\"_wpcf7_ak_hp_textarea\" cols=\"45\" rows=\"8\" maxlength=\"100\"><\/textarea><\/label><input type=\"hidden\" id=\"ak_js_1\" name=\"_wpcf7_ak_js\" value=\"237\"\/><script>document.getElementById( \"ak_js_1\" ).setAttribute( \"value\", ( new Date() ).getTime() );<\/script><\/p><div class=\"wpcf7-response-output\" aria-hidden=\"true\"><\/div>\n<\/form>\n<\/div>\n\n","protected":false},"excerpt":{"rendered":"<p>Para falar com a autora\u00a0utilize o formul\u00e1rio abaixo:<\/p>\n","protected":false},"author":1,"featured_media":0,"parent":0,"menu_order":0,"comment_status":"closed","ping_status":"closed","template":"","meta":{"jetpack_post_was_ever_published":false,"footnotes":""},"class_list":["post-15","page","type-page","status-publish","hentry"],"yoast_head":"<!-- This site is optimized with the Yoast SEO plugin v25.2 - https:\/\/yoast.com\/wordpress\/plugins\/seo\/ -->\n<title>Fale com Anna - ANNA DE LE\u00c3O<\/title>\n<meta name=\"description\" content=\"Fale com Anna de Le\u00e3o ou d\u00ea um depoimento sobre seus livros! \u00c9 s\u00f3 enviar uma mensagem para a autora, utilizando o formul\u00e1rio abaixo:\" \/>\n<meta name=\"robots\" content=\"index, follow, max-snippet:-1, max-image-preview:large, max-video-preview:-1\" \/>\n<link rel=\"canonical\" href=\"https:\/\/annaleao.com.br\/site\/fale-com-anna\/\" \/>\n<meta property=\"og:locale\" content=\"pt_BR\" \/>\n<meta property=\"og:type\" content=\"article\" \/>\n<meta property=\"og:title\" content=\"Fale com Anna - ANNA DE LE\u00c3O\" \/>\n<meta property=\"og:description\" content=\"Fale com Anna de Le\u00e3o ou d\u00ea um depoimento sobre seus livros! \u00c9 s\u00f3 enviar uma mensagem para a autora, utilizando o formul\u00e1rio abaixo:\" \/>\n<meta property=\"og:url\" content=\"https:\/\/annaleao.com.br\/site\/fale-com-anna\/\" \/>\n<meta property=\"og:site_name\" content=\"ANNA DE LE\u00c3O\" \/>\n<meta property=\"article:modified_time\" content=\"2025-09-12T20:24:47+00:00\" \/>\n<meta property=\"og:image\" content=\"https:\/\/annaleao.com.br\/site\/wp-content\/uploads\/2017\/02\/triskel.jpg\" \/>\n\t<meta property=\"og:image:width\" content=\"400\" \/>\n\t<meta property=\"og:image:height\" content=\"400\" \/>\n\t<meta property=\"og:image:type\" content=\"image\/jpeg\" \/>\n<meta name=\"twitter:label1\" content=\"Est. tempo de leitura\" \/>\n\t<meta name=\"twitter:data1\" content=\"1 minuto\" \/>\n<script type=\"application\/ld+json\" class=\"yoast-schema-graph\">{\"@context\":\"https:\/\/schema.org\",\"@graph\":[{\"@type\":\"WebPage\",\"@id\":\"https:\/\/annaleao.com.br\/site\/fale-com-anna\/\",\"url\":\"https:\/\/annaleao.com.br\/site\/fale-com-anna\/\",\"name\":\"Fale com Anna - ANNA DE LE\u00c3O\",\"isPartOf\":{\"@id\":\"https:\/\/annaleao.com.br\/site\/#website\"},\"primaryImageOfPage\":{\"@id\":\"https:\/\/annaleao.com.br\/site\/fale-com-anna\/#primaryimage\"},\"image\":{\"@id\":\"https:\/\/annaleao.com.br\/site\/fale-com-anna\/#primaryimage\"},\"thumbnailUrl\":\"http:\/\/www.annaleao.com.br\/anna\/wp-content\/uploads\/2017\/02\/triskel-300x300.jpg\",\"datePublished\":\"2016-12-09T14:19:44+00:00\",\"dateModified\":\"2025-09-12T20:24:47+00:00\",\"description\":\"Fale com Anna de Le\u00e3o ou d\u00ea um depoimento sobre seus livros! \u00c9 s\u00f3 enviar uma mensagem para a autora, utilizando o formul\u00e1rio abaixo:\",\"breadcrumb\":{\"@id\":\"https:\/\/annaleao.com.br\/site\/fale-com-anna\/#breadcrumb\"},\"inLanguage\":\"pt-BR\",\"potentialAction\":[{\"@type\":\"ReadAction\",\"target\":[\"https:\/\/annaleao.com.br\/site\/fale-com-anna\/\"]}]},{\"@type\":\"ImageObject\",\"inLanguage\":\"pt-BR\",\"@id\":\"https:\/\/annaleao.com.br\/site\/fale-com-anna\/#primaryimage\",\"url\":\"http:\/\/www.annaleao.com.br\/anna\/wp-content\/uploads\/2017\/02\/triskel-300x300.jpg\",\"contentUrl\":\"http:\/\/www.annaleao.com.br\/anna\/wp-content\/uploads\/2017\/02\/triskel-300x300.jpg\"},{\"@type\":\"BreadcrumbList\",\"@id\":\"https:\/\/annaleao.com.br\/site\/fale-com-anna\/#breadcrumb\",\"itemListElement\":[{\"@type\":\"ListItem\",\"position\":1,\"name\":\"In\u00edcio\",\"item\":\"https:\/\/annaleao.com.br\/site\/\"},{\"@type\":\"ListItem\",\"position\":2,\"name\":\"Fale com Anna\"}]},{\"@type\":\"WebSite\",\"@id\":\"https:\/\/annaleao.com.br\/site\/#website\",\"url\":\"https:\/\/annaleao.com.br\/site\/\",\"name\":\"ANNA DE LE\u00c3O\",\"description\":\" Escritora e Terapeuta\",\"potentialAction\":[{\"@type\":\"SearchAction\",\"target\":{\"@type\":\"EntryPoint\",\"urlTemplate\":\"https:\/\/annaleao.com.br\/site\/?s={search_term_string}\"},\"query-input\":{\"@type\":\"PropertyValueSpecification\",\"valueRequired\":true,\"valueName\":\"search_term_string\"}}],\"inLanguage\":\"pt-BR\"}]}<\/script>\n<!-- \/ Yoast SEO plugin. -->","yoast_head_json":{"title":"Fale com Anna - ANNA DE LE\u00c3O","description":"Fale com Anna de Le\u00e3o ou d\u00ea um depoimento sobre seus livros! \u00c9 s\u00f3 enviar uma mensagem para a autora, utilizando o formul\u00e1rio abaixo:","robots":{"index":"index","follow":"follow","max-snippet":"max-snippet:-1","max-image-preview":"max-image-preview:large","max-video-preview":"max-video-preview:-1"},"canonical":"https:\/\/annaleao.com.br\/site\/fale-com-anna\/","og_locale":"pt_BR","og_type":"article","og_title":"Fale com Anna - ANNA DE LE\u00c3O","og_description":"Fale com Anna de Le\u00e3o ou d\u00ea um depoimento sobre seus livros! \u00c9 s\u00f3 enviar uma mensagem para a autora, utilizando o formul\u00e1rio abaixo:","og_url":"https:\/\/annaleao.com.br\/site\/fale-com-anna\/","og_site_name":"ANNA DE LE\u00c3O","article_modified_time":"2025-09-12T20:24:47+00:00","og_image":[{"width":400,"height":400,"url":"https:\/\/annaleao.com.br\/site\/wp-content\/uploads\/2017\/02\/triskel.jpg","type":"image\/jpeg"}],"twitter_misc":{"Est. tempo de leitura":"1 minuto"},"schema":{"@context":"https:\/\/schema.org","@graph":[{"@type":"WebPage","@id":"https:\/\/annaleao.com.br\/site\/fale-com-anna\/","url":"https:\/\/annaleao.com.br\/site\/fale-com-anna\/","name":"Fale com Anna - ANNA DE LE\u00c3O","isPartOf":{"@id":"https:\/\/annaleao.com.br\/site\/#website"},"primaryImageOfPage":{"@id":"https:\/\/annaleao.com.br\/site\/fale-com-anna\/#primaryimage"},"image":{"@id":"https:\/\/annaleao.com.br\/site\/fale-com-anna\/#primaryimage"},"thumbnailUrl":"http:\/\/www.annaleao.com.br\/anna\/wp-content\/uploads\/2017\/02\/triskel-300x300.jpg","datePublished":"2016-12-09T14:19:44+00:00","dateModified":"2025-09-12T20:24:47+00:00","description":"Fale com Anna de Le\u00e3o ou d\u00ea um depoimento sobre seus livros! \u00c9 s\u00f3 enviar uma mensagem para a autora, utilizando o formul\u00e1rio abaixo:","breadcrumb":{"@id":"https:\/\/annaleao.com.br\/site\/fale-com-anna\/#breadcrumb"},"inLanguage":"pt-BR","potentialAction":[{"@type":"ReadAction","target":["https:\/\/annaleao.com.br\/site\/fale-com-anna\/"]}]},{"@type":"ImageObject","inLanguage":"pt-BR","@id":"https:\/\/annaleao.com.br\/site\/fale-com-anna\/#primaryimage","url":"http:\/\/www.annaleao.com.br\/anna\/wp-content\/uploads\/2017\/02\/triskel-300x300.jpg","contentUrl":"http:\/\/www.annaleao.com.br\/anna\/wp-content\/uploads\/2017\/02\/triskel-300x300.jpg"},{"@type":"BreadcrumbList","@id":"https:\/\/annaleao.com.br\/site\/fale-com-anna\/#breadcrumb","itemListElement":[{"@type":"ListItem","position":1,"name":"In\u00edcio","item":"https:\/\/annaleao.com.br\/site\/"},{"@type":"ListItem","position":2,"name":"Fale com Anna"}]},{"@type":"WebSite","@id":"https:\/\/annaleao.com.br\/site\/#website","url":"https:\/\/annaleao.com.br\/site\/","name":"ANNA DE LE\u00c3O","description":" Escritora e Terapeuta","potentialAction":[{"@type":"SearchAction","target":{"@type":"EntryPoint","urlTemplate":"https:\/\/annaleao.com.br\/site\/?s={search_term_string}"},"query-input":{"@type":"PropertyValueSpecification","valueRequired":true,"valueName":"search_term_string"}}],"inLanguage":"pt-BR"}]}},"jetpack_sharing_enabled":true,"jetpack_shortlink":"https:\/\/wp.me\/P8nt2H-f","jetpack-related-posts":[],"_links":{"self":[{"href":"https:\/\/annaleao.com.br\/site\/wp-json\/wp\/v2\/pages\/15","targetHints":{"allow":["GET"]}}],"collection":[{"href":"https:\/\/annaleao.com.br\/site\/wp-json\/wp\/v2\/pages"}],"about":[{"href":"https:\/\/annaleao.com.br\/site\/wp-json\/wp\/v2\/types\/page"}],"author":[{"embeddable":true,"href":"https:\/\/annaleao.com.br\/site\/wp-json\/wp\/v2\/users\/1"}],"replies":[{"embeddable":true,"href":"https:\/\/annaleao.com.br\/site\/wp-json\/wp\/v2\/comments?post=15"}],"version-history":[{"count":15,"href":"https:\/\/annaleao.com.br\/site\/wp-json\/wp\/v2\/pages\/15\/revisions"}],"predecessor-version":[{"id":4406,"href":"https:\/\/annaleao.com.br\/site\/wp-json\/wp\/v2\/pages\/15\/revisions\/4406"}],"wp:attachment":[{"href":"https:\/\/annaleao.com.br\/site\/wp-json\/wp\/v2\/media?parent=15"}],"curies":[{"name":"wp","href":"https:\/\/api.w.org\/{rel}","templated":true}]}}