{"id":9,"date":"2016-12-09T13:55:51","date_gmt":"2016-12-09T13:55:51","guid":{"rendered":"http:\/\/www.agempreendimentos.com.br\/anna\/?page_id=9"},"modified":"2026-01-20T14:54:35","modified_gmt":"2026-01-20T14:54:35","slug":"carreira-literaria","status":"publish","type":"page","link":"https:\/\/annaleao.com.br\/site\/carreira-literaria\/","title":{"rendered":"Carreira Liter\u00e1ria"},"content":{"rendered":"<p><img fetchpriority=\"high\" decoding=\"async\" class=\"aligncenter wp-image-3449 size-full\" src=\"https:\/\/annaleao.com.br\/site\/wp-content\/uploads\/2021\/09\/Design-sem-nome-1024x512-1.png\" alt=\"Carreira Liter\u00e1ria\" width=\"1024\" height=\"512\" srcset=\"https:\/\/annaleao.com.br\/site\/wp-content\/uploads\/2021\/09\/Design-sem-nome-1024x512-1.png 1024w, https:\/\/annaleao.com.br\/site\/wp-content\/uploads\/2021\/09\/Design-sem-nome-1024x512-1-300x150.png 300w, https:\/\/annaleao.com.br\/site\/wp-content\/uploads\/2021\/09\/Design-sem-nome-1024x512-1-768x384.png 768w, https:\/\/annaleao.com.br\/site\/wp-content\/uploads\/2021\/09\/Design-sem-nome-1024x512-1-120x60.png 120w\" sizes=\"(max-width: 1024px) 100vw, 1024px\" \/><\/p>\n<h2>Autora de romance e fantasia<\/h2>\n<h3><strong>O in\u00edcio de tudo<\/strong><\/h3>\n<p>Desde menina, eu achava que me tronaria uma autora de romance, mas isto n\u00e3o aconteceu na minha juventude. Meu primeiro passo em minha carreira liter\u00e1ria foi a cria\u00e7\u00e3o do <a href=\"https:\/\/annaleao.com.br\/site\/blog\/\">blog Metamorfose<\/a>\u00a0, em 2008.<\/p>\n<p>Durante este ano, tive tr\u00eas poemas selecionados e publicados na antologia Letras do Brasil X, pela editora Taba Cultural.<\/p>\n<p>O Metamorfose \u00e9 o meu primeiro filho &#8211; sem contar com minhas duas filhas biol\u00f3gicas. Portanto, eu tenho um carinho todo especial por ele, que est\u00e1, agora, incorporado aqui, em meu site.<\/p>\n<p>Foi atrav\u00e9s do blog que eu tive o incentivo de amigos e leitores para iniciar minha carreira liter\u00e1ria. No entanto, este desejo sempre fez parte dos meus planos, j\u00e1 que desde pequena eu gostava muito de escrever.<\/p>\n<p>Um desses incentivos foi o convite para ser colunista do site <a href=\"http:\/\/www.templodeavalon.com\/modules\/articles\/index.php?cat_id=7\">Templo de Avalon<\/a>, recebido por sua idealizadora, Rowena Ferch Aranrot.<\/p>\n<p>Logo depois, passei a contribuir tamb\u00e9m com meus artigos para o impresso, carioca, Por do Sol, fundado pelo saudoso astr\u00f3logo Andr\u00e9 Le\u00f4ncio Barros.<\/p>\n<h3><strong>Autora de romance, fantasia e outras <em>cositas<\/em> mais&#8230;<\/strong><\/h3>\n<p>Lancei meu primeiro livro solo em 2009, <em>A Rainha da Floresta<\/em>. Em 2011 foi a vez de sua continua\u00e7\u00e3o, A Rainha da Floresta e a Deusa da Terra. Quando eu ainda escrevia o terceiro livro desta s\u00e9rie de fantasia, recebi o convite da Modo Editora para lan\u00e7ar a trilogia em um \u00fanico volume. Foi o que se sucedeu em 2013, na Bienal do Livro do Rio de Janeiro.<\/p>\n<p>Hoje em dia, <a href=\"https:\/\/annaleao.com.br\/site\/livro-de-fantasia-a-rainha-da-floresta\/\">A Rainha da Floresta<\/a> continua editada em um \u00fanico volume, por\u00e9m de forma independente, depois de ter sido publicada tamb\u00e9m pela Ler Editorial. Por esta editora tamb\u00e9m lancei a duologia <em>O P\u00e1ssaro e a \u00c2ncora<\/em>, com o lan\u00e7amento do livro 1 na Bienal do Livro do Rio de Janeiro, em 2019.<\/p>\n<p>Em 2024, <em>O P\u00e1ssaro e a \u00c2ncora<\/em> foi relan\u00e7ado, desta vez de forma independente, sob o t\u00edtulo <a href=\"https:\/\/annaleao.com.br\/site\/romance-irresistivel-pecadora\/\">Irresist\u00edvel Pecadora<\/a> em uma \u00fanica edi\u00e7\u00e3o reunindo os dois volumes. Optei por mudar o t\u00edtulo para que o leitor tivesse uma ideia\u00a0 melhor acerca da protagonista do romance. Morgana Heart n\u00e3o \u00e9 nenhuma santa, muito menos uma mocinha indefesa.<\/p>\n<p><em>A Rainha da Floresta<\/em> deu pano pra manga e, em 2021, foi a vez da vil\u00e3 da hist\u00f3ria ganhar\u00a0 o\u00a0 seu t\u00e3o aguardado spin-off: <a href=\"https:\/\/annaleao.com.br\/site\/o-outono-de-friuza\/\">O Outono de Fri\u00faza<\/a>, primeiro livro da s\u00e9rie de fantasia \u00e9pica (podemos cham\u00e1-la tamb\u00e9m de romantasia) <em>As Quatro Esta\u00e7\u00f5es de Fri\u00faza.<\/em><\/p>\n<p>Todos n\u00f3s somos apaixonados por esta vil\u00e3 e \u00e9 claro que ela iria exigir uma s\u00e9rie para si\u00a0 e n\u00e3o apenas um \u00fanico livro. J\u00e1 temos tamb\u00e9m dispon\u00edvel o segundo livro da s\u00e9rie, <a href=\"https:\/\/annaleao.com.br\/site\/o-inverno-de-friuza-livro-2\/\">O Inverno de Fri\u00faza<\/a>, lan\u00e7ado em 2023.<\/p>\n<p>Fora do g\u00eanero romance, em janeiro de 2020 lancei meu primeiro livro de n\u00e3o fic\u00e7\u00e3o, <a href=\"https:\/\/annaleao.com.br\/site\/por-um-pouco-mais-de-felicidade\/\">Por Um Pouco Mais de Felicidade <\/a>\u00a0A obra \u00e9 uma compila\u00e7\u00e3o de ensaios, cr\u00f4nicas e poemas produzidos ao longo da minha carreira liter\u00e1ria.<\/p>\n<p>Sinto-me muito \u00e0 vontade com o hot, e gosto de colorir algumas obras com ele, como \u00e9 o caso de<em> Irresist\u00edvel Pecadora, As Quatro Esta\u00e7\u00f5es de Fri\u00faza<\/em> e o conto\u00a0 <a href=\"https:\/\/annaleao.com.br\/site\/conto-erotico-o-seguranca-e-a-dancarina-amor-em-pedacos\/\">O Seguran\u00e7a e a Dan\u00e7arina &#8211; Amor em Peda\u00e7os.\u00a0<\/a><\/p>\n<p>Tamb\u00e9m participei de algumas antologias, como \u00e9 o caso da<em> Colet\u00e2nea A L\u00e1grima e o Tempo, com o conto Ter\u00e7a- Feira de Carnaval, <\/em>da editora PerSer<em>. E j<\/em>\u00e1 contribu\u00ed com meus artigos, como colunista, nos sites O Segredo, Templo de Avalon, Luz de Gaia e Revista Statoo.<\/p>\n<h3><strong>A magia da escrita<\/strong><\/h3>\n<p>Para mim a escrita \u00e9 a melhor forma de me expressar. Atrav\u00e9s dela, eu posso soltar a minha imagina\u00e7\u00e3o e mergulhar em outros mundos. Por outro lado, eu me conhe\u00e7o melhor quando escrevo e transmito meus valores e aprendizados.<\/p>\n<p>Al\u00e9m disso,\u00a0 eu tamb\u00e9m ganho mais conhecimento, al\u00e9m de autoconhecimento. \u00c9 como se acendesse uma luz dentro de mim! Muitas vezes, quando leio o que escrevi, eu me pergunto: &#8220;Como eu sabia disso?!&#8221;<\/p>\n<p>Mas a inspira\u00e7\u00e3o \u00e9 assim, como um sussurro em nossos ouvidos, como uma canaliza\u00e7\u00e3o, como se n\u00e3o viesse da gente&#8230; E talvez n\u00e3o venha. \u00c9 o Awen dos celtas; aquela for\u00e7a divina e invis\u00edvel que anima, que entusiasma, que traz vida, que faz o mundo girar!<\/p>\n<h3><strong>Interagindo<\/strong><\/h3>\n<p>Ao longo da minha carreira como autora, eu tenho participado de v\u00e1rias feiras e eventos liter\u00e1rios.<\/p>\n<p>Autografando minhas obras e\/ou\u00a0 participando de debates,\u00a0 estive presente em eventos como a Semana do Livro Nacional, Bienal do Livro-RJ, Mochila Liter\u00e1ria, Ler-Sal\u00e3o do Livro Carioca, entre outros.<\/p>\n<p>Tamb\u00e9m fiz parte do Clube de Novos Autores, um movimento liter\u00e1rio visando a valoriza\u00e7\u00e3o e divulga\u00e7\u00e3o do autor nacional.<\/p>\n<h3><strong>Mexendo o caldeir\u00e3o: imagina\u00e7\u00e3o + conhecimento<\/strong><\/h3>\n<p>Aliado \u00e0 minha\u00a0 imagina\u00e7\u00e3o e criatividade est\u00e1 o meu interesse por temas que promovem o autoconhecimento e o desenvolvimento pessoal. Pesquisadora e praticante do Druidismo, com \u00eanfase no Reconstrucionismo C\u00e9ltico, acima de tudo defino-me uma livre pensadora.<\/p>\n<p>Sou membro do cl\u00e3 dru\u00eddico<em> Fidnem\u00e9d an S\u00edd<\/em> e filiada ao Conselho Brasileiro de Druidismo e Reconstrucionismo C\u00e9ltico (CBDRC), onde atuei como coordenadora de sua Comiss\u00e3o de Comunica\u00e7\u00e3o e Articula\u00e7\u00e3o (CCA).<\/p>\n<p>Al\u00e9m disso, estudei astrologia e v\u00e1rias doutrinas espirituais e filos\u00f3ficas, certifiquei-me em Tar\u00f4 Terap\u00eautico e Coach Pessoal e sou iniciada no Caminho da Deusa h\u00e1 mais de 20 anos, honrando o Feminino Sagrado.<\/p>\n<p>Estou sempre pesquisando temas relacionados ao autoconhecimento, espiritualidade e desenvolvimento pessoal. Isso me levou a me tornar uma Gran-acad\u00eamica,\u00a0 tendo conclu\u00eddo os 3 n\u00edveis da Academia da Mente,\u00a0 da psic\u00f3loga Maura de Albanesi, e cursado sua p\u00f3s-gradua\u00e7\u00e3o em Terapia Avan\u00e7ada &#8211; corpo, mente, esp\u00edrito, torando-me uma especialista na integra\u00e7\u00e3o das 3 inst\u00e2ncias do ser humano. Hoje, tamb\u00e9m atuo como terapeuta avan\u00e7ada integrativa no <a href=\"https:\/\/www.annadeleao.com.br\/\">Templo Terap\u00eautico Metamorfose.<\/a><\/p>\n<p>Pela veia da fic\u00e7\u00e3o &#8211; no romance ou fantasia &#8211; ou atrav\u00e9s de textos motivacionais, procuro sempre transmitir, de alguma forma, os meus conhecimentos e aprendizado.<\/p>\n<p>Por outro lado, minha forma\u00e7\u00e3o em\u00a0\u00a0Comunica\u00e7\u00e3o Social, em v\u00e1rios tipos de Dan\u00e7a, e em Terapia pela Dan\u00e7a e Movimento e Recupera\u00e7\u00e3o Motora, al\u00e9m de minhas experi\u00eancias como\u00a0 atriz e assistente de dire\u00e7\u00e3o, s\u00e3o mais elementos para se fundirem no meu caldeir\u00e3o.<\/p>\n<p>Sou serena e intensa. Sou fogo e sou \u00e1gua&#8230;<\/p>\n<p><img decoding=\"async\" class=\"alignleft wp-image-2884\" src=\"https:\/\/annaleao.com.br\/site\/wp-content\/uploads\/2019\/09\/69666178_2464579283587607_2640807276700499968_o-240x300.jpg\" alt=\"autora de romance\" width=\"320\" height=\"400\" srcset=\"https:\/\/annaleao.com.br\/site\/wp-content\/uploads\/2019\/09\/69666178_2464579283587607_2640807276700499968_o-240x300.jpg 240w, https:\/\/annaleao.com.br\/site\/wp-content\/uploads\/2019\/09\/69666178_2464579283587607_2640807276700499968_o-768x960.jpg 768w, https:\/\/annaleao.com.br\/site\/wp-content\/uploads\/2019\/09\/69666178_2464579283587607_2640807276700499968_o-819x1024.jpg 819w, https:\/\/annaleao.com.br\/site\/wp-content\/uploads\/2019\/09\/69666178_2464579283587607_2640807276700499968_o-48x60.jpg 48w, https:\/\/annaleao.com.br\/site\/wp-content\/uploads\/2019\/09\/69666178_2464579283587607_2640807276700499968_o.jpg 1440w\" sizes=\"(max-width: 320px) 100vw, 320px\" \/>\u00a0 \u00a0 \u00a0<img decoding=\"async\" class=\"alignleft wp-image-2182\" src=\"https:\/\/annaleao.com.br\/site\/wp-content\/uploads\/2013\/12\/1236803_4907337175467_1005574211_n-225x300.jpg\" alt=\"autora de romance\" width=\"300\" height=\"400\" srcset=\"https:\/\/annaleao.com.br\/site\/wp-content\/uploads\/2013\/12\/1236803_4907337175467_1005574211_n-225x300.jpg 225w, https:\/\/annaleao.com.br\/site\/wp-content\/uploads\/2013\/12\/1236803_4907337175467_1005574211_n-45x60.jpg 45w, https:\/\/annaleao.com.br\/site\/wp-content\/uploads\/2013\/12\/1236803_4907337175467_1005574211_n.jpg 480w\" sizes=\"(max-width: 300px) 100vw, 300px\" \/><img loading=\"lazy\" decoding=\"async\" class=\"alignleft wp-image-2183\" src=\"https:\/\/annaleao.com.br\/site\/wp-content\/uploads\/2013\/12\/1240106_4907337895485_1742139338_n-225x300.jpg\" alt=\"autora de romance\" width=\"299\" height=\"399\" srcset=\"https:\/\/annaleao.com.br\/site\/wp-content\/uploads\/2013\/12\/1240106_4907337895485_1742139338_n-225x300.jpg 225w, https:\/\/annaleao.com.br\/site\/wp-content\/uploads\/2013\/12\/1240106_4907337895485_1742139338_n-45x60.jpg 45w, https:\/\/annaleao.com.br\/site\/wp-content\/uploads\/2013\/12\/1240106_4907337895485_1742139338_n.jpg 480w\" sizes=\"(max-width: 299px) 100vw, 299px\" \/><\/p>\n<p>&nbsp;<\/p>\n","protected":false},"excerpt":{"rendered":"<p>Autora de romance e fantasia O in\u00edcio de tudo Desde menina, eu achava que me tronaria uma autora de romance, mas isto n\u00e3o aconteceu na minha juventude. Meu primeiro passo em minha carreira liter\u00e1ria foi a cria\u00e7\u00e3o do blog Metamorfose\u00a0, em 2008. Durante este ano, tive tr\u00eas poemas selecionados e publicados na antologia Letras do Brasil X, pela editora Taba &hellip; <\/p>\n","protected":false},"author":1,"featured_media":3449,"parent":0,"menu_order":0,"comment_status":"closed","ping_status":"closed","template":"","meta":{"jetpack_post_was_ever_published":false,"footnotes":""},"class_list":["post-9","page","type-page","status-publish","has-post-thumbnail","hentry"],"yoast_head":"<!-- This site is optimized with the Yoast SEO plugin v25.2 - https:\/\/yoast.com\/wordpress\/plugins\/seo\/ -->\n<title>Carreira Liter\u00e1ria - ANNA DE LE\u00c3O<\/title>\n<meta name=\"description\" content=\"Autora de romance, literatura fant\u00e1stica e er\u00f3tica, a escritora Anna de Le\u00e3o \u00e9 colunista dos sites O Segredo, Templo de Avalon e Metamorfose.\" \/>\n<meta name=\"robots\" content=\"index, follow, max-snippet:-1, max-image-preview:large, max-video-preview:-1\" \/>\n<link rel=\"canonical\" href=\"https:\/\/annaleao.com.br\/site\/carreira-literaria\/\" \/>\n<meta property=\"og:locale\" content=\"pt_BR\" \/>\n<meta property=\"og:type\" content=\"article\" \/>\n<meta property=\"og:title\" content=\"Carreira Liter\u00e1ria - ANNA DE LE\u00c3O\" \/>\n<meta property=\"og:description\" content=\"Autora de romance, literatura fant\u00e1stica e er\u00f3tica, a escritora Anna de Le\u00e3o \u00e9 colunista dos sites O Segredo, Templo de Avalon e Metamorfose.\" \/>\n<meta property=\"og:url\" content=\"https:\/\/annaleao.com.br\/site\/carreira-literaria\/\" \/>\n<meta property=\"og:site_name\" content=\"ANNA DE LE\u00c3O\" \/>\n<meta property=\"article:modified_time\" content=\"2026-01-20T14:54:35+00:00\" \/>\n<meta property=\"og:image\" content=\"https:\/\/annaleao.com.br\/site\/wp-content\/uploads\/2021\/09\/Design-sem-nome-1024x512-1.png\" \/>\n\t<meta property=\"og:image:width\" content=\"1024\" \/>\n\t<meta property=\"og:image:height\" content=\"512\" \/>\n\t<meta property=\"og:image:type\" content=\"image\/png\" \/>\n<meta name=\"twitter:label1\" content=\"Est. tempo de leitura\" \/>\n\t<meta name=\"twitter:data1\" content=\"7 minutos\" \/>\n<script type=\"application\/ld+json\" class=\"yoast-schema-graph\">{\"@context\":\"https:\/\/schema.org\",\"@graph\":[{\"@type\":\"WebPage\",\"@id\":\"https:\/\/annaleao.com.br\/site\/carreira-literaria\/\",\"url\":\"https:\/\/annaleao.com.br\/site\/carreira-literaria\/\",\"name\":\"Carreira Liter\u00e1ria - ANNA DE LE\u00c3O\",\"isPartOf\":{\"@id\":\"https:\/\/annaleao.com.br\/site\/#website\"},\"primaryImageOfPage\":{\"@id\":\"https:\/\/annaleao.com.br\/site\/carreira-literaria\/#primaryimage\"},\"image\":{\"@id\":\"https:\/\/annaleao.com.br\/site\/carreira-literaria\/#primaryimage\"},\"thumbnailUrl\":\"https:\/\/annaleao.com.br\/site\/wp-content\/uploads\/2021\/09\/Design-sem-nome-1024x512-1.png\",\"datePublished\":\"2016-12-09T13:55:51+00:00\",\"dateModified\":\"2026-01-20T14:54:35+00:00\",\"description\":\"Autora de romance, literatura fant\u00e1stica e er\u00f3tica, a escritora Anna de Le\u00e3o \u00e9 colunista dos sites O Segredo, Templo de Avalon e Metamorfose.\",\"breadcrumb\":{\"@id\":\"https:\/\/annaleao.com.br\/site\/carreira-literaria\/#breadcrumb\"},\"inLanguage\":\"pt-BR\",\"potentialAction\":[{\"@type\":\"ReadAction\",\"target\":[\"https:\/\/annaleao.com.br\/site\/carreira-literaria\/\"]}]},{\"@type\":\"ImageObject\",\"inLanguage\":\"pt-BR\",\"@id\":\"https:\/\/annaleao.com.br\/site\/carreira-literaria\/#primaryimage\",\"url\":\"https:\/\/annaleao.com.br\/site\/wp-content\/uploads\/2021\/09\/Design-sem-nome-1024x512-1.png\",\"contentUrl\":\"https:\/\/annaleao.com.br\/site\/wp-content\/uploads\/2021\/09\/Design-sem-nome-1024x512-1.png\",\"width\":1024,\"height\":512,\"caption\":\"Autora de romance\"},{\"@type\":\"BreadcrumbList\",\"@id\":\"https:\/\/annaleao.com.br\/site\/carreira-literaria\/#breadcrumb\",\"itemListElement\":[{\"@type\":\"ListItem\",\"position\":1,\"name\":\"In\u00edcio\",\"item\":\"https:\/\/annaleao.com.br\/site\/\"},{\"@type\":\"ListItem\",\"position\":2,\"name\":\"Carreira Liter\u00e1ria\"}]},{\"@type\":\"WebSite\",\"@id\":\"https:\/\/annaleao.com.br\/site\/#website\",\"url\":\"https:\/\/annaleao.com.br\/site\/\",\"name\":\"ANNA DE LE\u00c3O\",\"description\":\" Escritora e Terapeuta\",\"potentialAction\":[{\"@type\":\"SearchAction\",\"target\":{\"@type\":\"EntryPoint\",\"urlTemplate\":\"https:\/\/annaleao.com.br\/site\/?s={search_term_string}\"},\"query-input\":{\"@type\":\"PropertyValueSpecification\",\"valueRequired\":true,\"valueName\":\"search_term_string\"}}],\"inLanguage\":\"pt-BR\"}]}<\/script>\n<!-- \/ Yoast SEO plugin. -->","yoast_head_json":{"title":"Carreira Liter\u00e1ria - ANNA DE LE\u00c3O","description":"Autora de romance, literatura fant\u00e1stica e er\u00f3tica, a escritora Anna de Le\u00e3o \u00e9 colunista dos sites O Segredo, Templo de Avalon e Metamorfose.","robots":{"index":"index","follow":"follow","max-snippet":"max-snippet:-1","max-image-preview":"max-image-preview:large","max-video-preview":"max-video-preview:-1"},"canonical":"https:\/\/annaleao.com.br\/site\/carreira-literaria\/","og_locale":"pt_BR","og_type":"article","og_title":"Carreira Liter\u00e1ria - ANNA DE LE\u00c3O","og_description":"Autora de romance, literatura fant\u00e1stica e er\u00f3tica, a escritora Anna de Le\u00e3o \u00e9 colunista dos sites O Segredo, Templo de Avalon e Metamorfose.","og_url":"https:\/\/annaleao.com.br\/site\/carreira-literaria\/","og_site_name":"ANNA DE LE\u00c3O","article_modified_time":"2026-01-20T14:54:35+00:00","og_image":[{"width":1024,"height":512,"url":"https:\/\/annaleao.com.br\/site\/wp-content\/uploads\/2021\/09\/Design-sem-nome-1024x512-1.png","type":"image\/png"}],"twitter_misc":{"Est. tempo de leitura":"7 minutos"},"schema":{"@context":"https:\/\/schema.org","@graph":[{"@type":"WebPage","@id":"https:\/\/annaleao.com.br\/site\/carreira-literaria\/","url":"https:\/\/annaleao.com.br\/site\/carreira-literaria\/","name":"Carreira Liter\u00e1ria - ANNA DE LE\u00c3O","isPartOf":{"@id":"https:\/\/annaleao.com.br\/site\/#website"},"primaryImageOfPage":{"@id":"https:\/\/annaleao.com.br\/site\/carreira-literaria\/#primaryimage"},"image":{"@id":"https:\/\/annaleao.com.br\/site\/carreira-literaria\/#primaryimage"},"thumbnailUrl":"https:\/\/annaleao.com.br\/site\/wp-content\/uploads\/2021\/09\/Design-sem-nome-1024x512-1.png","datePublished":"2016-12-09T13:55:51+00:00","dateModified":"2026-01-20T14:54:35+00:00","description":"Autora de romance, literatura fant\u00e1stica e er\u00f3tica, a escritora Anna de Le\u00e3o \u00e9 colunista dos sites O Segredo, Templo de Avalon e Metamorfose.","breadcrumb":{"@id":"https:\/\/annaleao.com.br\/site\/carreira-literaria\/#breadcrumb"},"inLanguage":"pt-BR","potentialAction":[{"@type":"ReadAction","target":["https:\/\/annaleao.com.br\/site\/carreira-literaria\/"]}]},{"@type":"ImageObject","inLanguage":"pt-BR","@id":"https:\/\/annaleao.com.br\/site\/carreira-literaria\/#primaryimage","url":"https:\/\/annaleao.com.br\/site\/wp-content\/uploads\/2021\/09\/Design-sem-nome-1024x512-1.png","contentUrl":"https:\/\/annaleao.com.br\/site\/wp-content\/uploads\/2021\/09\/Design-sem-nome-1024x512-1.png","width":1024,"height":512,"caption":"Autora de romance"},{"@type":"BreadcrumbList","@id":"https:\/\/annaleao.com.br\/site\/carreira-literaria\/#breadcrumb","itemListElement":[{"@type":"ListItem","position":1,"name":"In\u00edcio","item":"https:\/\/annaleao.com.br\/site\/"},{"@type":"ListItem","position":2,"name":"Carreira Liter\u00e1ria"}]},{"@type":"WebSite","@id":"https:\/\/annaleao.com.br\/site\/#website","url":"https:\/\/annaleao.com.br\/site\/","name":"ANNA DE LE\u00c3O","description":" Escritora e Terapeuta","potentialAction":[{"@type":"SearchAction","target":{"@type":"EntryPoint","urlTemplate":"https:\/\/annaleao.com.br\/site\/?s={search_term_string}"},"query-input":{"@type":"PropertyValueSpecification","valueRequired":true,"valueName":"search_term_string"}}],"inLanguage":"pt-BR"}]}},"jetpack_sharing_enabled":true,"jetpack_shortlink":"https:\/\/wp.me\/P8nt2H-9","jetpack-related-posts":[],"_links":{"self":[{"href":"https:\/\/annaleao.com.br\/site\/wp-json\/wp\/v2\/pages\/9","targetHints":{"allow":["GET"]}}],"collection":[{"href":"https:\/\/annaleao.com.br\/site\/wp-json\/wp\/v2\/pages"}],"about":[{"href":"https:\/\/annaleao.com.br\/site\/wp-json\/wp\/v2\/types\/page"}],"author":[{"embeddable":true,"href":"https:\/\/annaleao.com.br\/site\/wp-json\/wp\/v2\/users\/1"}],"replies":[{"embeddable":true,"href":"https:\/\/annaleao.com.br\/site\/wp-json\/wp\/v2\/comments?post=9"}],"version-history":[{"count":97,"href":"https:\/\/annaleao.com.br\/site\/wp-json\/wp\/v2\/pages\/9\/revisions"}],"predecessor-version":[{"id":4425,"href":"https:\/\/annaleao.com.br\/site\/wp-json\/wp\/v2\/pages\/9\/revisions\/4425"}],"wp:featuredmedia":[{"embeddable":true,"href":"https:\/\/annaleao.com.br\/site\/wp-json\/wp\/v2\/media\/3449"}],"wp:attachment":[{"href":"https:\/\/annaleao.com.br\/site\/wp-json\/wp\/v2\/media?parent=9"}],"curies":[{"name":"wp","href":"https:\/\/api.w.org\/{rel}","templated":true}]}}